{"id":2899,"date":"2023-09-23T16:30:39","date_gmt":"2023-09-23T16:30:39","guid":{"rendered":"https:\/\/www.domrawebsolutions.com\/?page_id=2899"},"modified":"2023-11-23T09:57:14","modified_gmt":"2023-11-23T09:57:14","slug":"wordpress-maintenance-service","status":"publish","type":"page","link":"https:\/\/www.domrawebsolutions.com\/de\/wordpress-wartung-service\/","title":{"rendered":"Benutzerdefinierter WordPress-Wartungsservice"},"content":{"rendered":"<p>In der heutigen Zeit ist eine Website f\u00fcr die Online-Pr\u00e4senz deiner Marke unerl\u00e4sslich. Es geht nicht nur darum, eine Website zu haben, sondern auch daf\u00fcr zu sorgen, dass sie reibungslos funktioniert, sicher ist und dein Publikum nahtlos anspricht. Stell dir einfach vor, du besitzt einen Sportwagen. Du bringst ihn nie zur regelm\u00e4\u00dfigen Wartung. Es ist doch klar, dass er nicht die beste Leistung bringt, oder? Das Gleiche gilt f\u00fcr deine Website. Da sich die Technologie st\u00e4ndig weiterentwickelt, ist es wichtig, immer auf dem neuesten Stand zu sein, um zu verhindern, dass sie veraltet. Genau hier setzt unser ausgezeichnetes <strong>WordPress Wartungsservice<\/strong> ins Spiel kommt. Wir sorgen nicht nur daf\u00fcr, dass deine Website auf dem neuesten Stand bleibt, sondern legen auch Wert auf ihre Leistung und Sicherheit. Hier erf\u00e4hrst du, warum eine konsequente Wartung f\u00fcr eine WordPress-Website unerl\u00e4sslich ist.<\/p>\n<h2>\n\t\tWarum solltest du deine Website immer auf dem neuesten Stand halten?<br>\n\t<\/h2>\n\t<p>Auch wenn eine Website mit WordPress schnell erstellt ist und \u00fcber eine inh\u00e4rente Sicherheit verf\u00fcgt, gibt es einige wichtige Faktoren, die beachtet werden m\u00fcssen. Angesichts der gro\u00dfen Beliebtheit und der weiten Verbreitung von WordPress ist es ein h\u00e4ufiges Ziel f\u00fcr Hackerinnen und Hacker. Vor allem, wenn WordPress und die integrierten Plugins und Themes nicht regelm\u00e4\u00dfig aktualisiert werden, ist es f\u00fcr Hacker eine leichte Beute.<\/p>\n<p>In der digitalen Welt von heute ist deine Website die tragende S\u00e4ule der Online-Identit\u00e4t deiner Marke. Es geht nicht nur darum, eine Online-Plattform zu haben, sondern auch darum, dass sie effizient funktioniert, sicher ist und deinem Publikum einen zuverl\u00e4ssigen Service bietet. Stell dir vor, du besitzt eine Luxuslimousine und vernachl\u00e4ssigst ihre regelm\u00e4\u00dfige Wartung - w\u00fcrde sie dann ihr Bestes geben? Genauso braucht auch deine Website unerm\u00fcdliche Aufmerksamkeit. Mit dem unaufhaltsamen Fortschritt der Technologie ist es unabdingbar, immer auf dem neuesten Stand zu sein. Hier kommt unser erschwinglicher Website-Wartungsservice ins Spiel, der speziell auf WordPress zugeschnitten ist. Wir garantieren nicht nur Updates, sondern auch un\u00fcbertroffene Leistung und robuste Sicherheit. Erfahre mehr und entdecke die \u00fcberzeugenden Vorteile unserer WordPress-Pflegepakete.<\/p>\n\t<h3>Sicherheit<\/h3>\t\t\n\t\t\t<p>Der wichtigste Grund, warum du dich f\u00fcr unseren WordPress-Wartungsservice entscheidest, ist die hohe Sicherheit, die er bietet. Regelm\u00e4\u00dfige Updates von Plugins, Themes und dem WordPress-Kernsystem schlie\u00dfen potenzielle Schwachstellen und machen es f\u00fcr Hacker, die versuchen, in deine Website einzudringen, schwer. Und mit unserem Service profitierst du von regelm\u00e4\u00dfigen Backups, einer zus\u00e4tzlichen Sicherheitsebene.<\/p>\n\t<h3>Fehlersuche<\/h3>\t\t\n\t\t\t<p>Mit jedem Update unseres kosteng\u00fcnstigen Website-Wartungsservice werden bestehende St\u00f6rungen und Kompatibilit\u00e4tsprobleme beseitigt. So geh\u00f6ren zum Beispiel Bedenken \u00fcber die Darstellung deiner Website der Vergangenheit an.<\/p>\n\t<h3>Neue Funktionen<\/h3>\t\t\n\t\t\t<p>Das WordPress-\u00d6kosystem ist dynamisch und f\u00fchrt st\u00e4ndig neue Funktionen ein, die das Nutzererlebnis verbessern. Das gilt sowohl f\u00fcr Plugins als auch f\u00fcr Themes. Unsere WordPress-Pflegepakete sorgen daf\u00fcr, dass du immer an der Spitze dieser Innovationen stehst.<\/p>\n\t<h3>Macht<\/h3>\t\t\n\t\t\t<p>Die Optimierung der Geschwindigkeit deiner Website ist ein indirekter Vorteil regelm\u00e4\u00dfiger Aktualisierungen. Eine schnellere Website erh\u00f6ht nicht nur die Benutzerfreundlichkeit, sondern verbessert auch dein Google-Ranking.<\/p>\n<p>&nbsp;<\/p>\n<h2>\n\t\tErschwingliche WordPress-Wartungsservice-Pakete<br>\n\t<\/h2>\n\t<p>Im verzweigten Netz der digitalen Landschaft kann die Verwaltung und Pflege deiner Website eine entmutigende Aufgabe sein. Sie erfordert Fachwissen, Zeit und Hingabe. Indem du die Pflege und Sicherheit deiner Website unserem Team von erfahrenen Fachleuten anvertraust, stellst du sicher, dass sie in erfahrenen H\u00e4nden bleibt. Wir k\u00fcmmern uns um alle Details, von der rechtzeitigen Aktualisierung bis zur Abwehr potenzieller Bedrohungen, damit du deine Energie und Ressourcen auf dein Kerngesch\u00e4ft konzentrieren kannst. So kannst du deine Energie und deine Ressourcen auf dein Kerngesch\u00e4ft konzentrieren. Du hast die Gewissheit, dass deine Online-Pr\u00e4senz stets optimiert und sicher ist und den neuesten Branchenstandards entspricht.<\/p>\n\t\t\t\t\t<h2>Basic<\/h2> 30 \u20ac* pro Monat<ul role=\"list\"><li role=\"listitem\"> <strong>Backups in Echtzeit<\/strong><\/li><li role=\"listitem\"> <strong>Monatliche Updates<\/strong><\/li><li role=\"listitem\"> <strong>Sichern der Website<\/strong><\/li><li role=\"listitem\"> <strong>Premium Plugins inklusive<\/strong><br>detaillierte Informationen unten<\/li><li role=\"listitem\"> <strong>Fehlersuche f\u00fcr Updates<\/strong><br>max. 1 Stunde pro Monat<\/li><li role=\"listitem\"> <strong>Optional: Online-Shop <\/strong><br>plus 10 \u20ac pro Monat <\/li><\/ul>\n\t\t\t<a href=\"mailto:dominik@dominikrauch.de\" target=\"_self\" rel=\"noopener\">\n\t\t\t\t\t\t\tHol dir dein Angebot\n\t\t\t\t\t<\/a>\n\t\t\t\t\t<h2>Standard<\/h2> 45 \u20ac* pro Monat<ul role=\"list\"><li role=\"listitem\"> <strong>Backups in Echtzeit<\/strong><\/li><li role=\"listitem\"> <strong>W\u00f6chentliche Updates<\/strong><\/li><li role=\"listitem\"> <strong>Sichern der Website<\/strong><\/li><li role=\"listitem\"> <strong>Premium Plugins inklusive<\/strong><br>detaillierte Informationen unten<\/li><li role=\"listitem\"> <strong>Fehlersuche f\u00fcr Updates<\/strong><br>max. 1 Stunde pro Monat<\/li><li role=\"listitem\"> <strong>Optional: Online-Shop <\/strong><br>plus 10 \u20ac pro Monat <\/li><\/ul>\n\t\t\t<a href=\"mailto:dominik@dominikrauch.de\" target=\"_self\" rel=\"noopener\">\n\t\t\t\t\t\t\tHol dir dein Angebot\n\t\t\t\t\t<\/a>\n\t\t\t\t\t<h2>Premium<\/h2> 95 \u20ac* pro Monat<ul role=\"list\"><li role=\"listitem\"> <strong>Backups in Echtzeit<\/strong><\/li><li role=\"listitem\"> <strong>Aktualisierungen innerhalb von 24 Stunden<\/strong><br>f\u00fcr sicherheitsrelevante Updates<\/li><li role=\"listitem\"> <strong>Sichern der Website<\/strong><\/li><li role=\"listitem\"> <strong>Premium Plugins inklusive<\/strong><br>detaillierte Informationen unten<\/li><li role=\"listitem\"> <strong>Fehlersuche f\u00fcr Updates<\/strong><br>max. 2 Stunden pro Monat<\/li><li role=\"listitem\"> <strong>Optional: Online-Shop <\/strong><br>plus 20 \u20ac pro Monat <\/li><\/ul>\n\t\t\t<a href=\"mailto:dominik@dominikrauch.de\" target=\"_self\" rel=\"noopener\">\n\t\t\t\t\t\t\tHol dir dein Angebot\n\t\t\t\t\t<\/a>\n<h2>\n\t\tSchritte f\u00fcr ein nahtloses Update<br>\n\t<\/h2>\n\t<p>WordPress-Updates k\u00f6nnen gelegentlich unerwartete Herausforderungen mit sich bringen. Wenn du dich f\u00fcr einen individuellen Website-Wartungsservice entscheidest, solltest du dich nicht ausschlie\u00dflich auf die Option \"Jetzt aktualisieren\" oder automatische Updates verlassen.<\/p>\n<p>Um einen Totalverlust deiner Website zu vermeiden, sind die folgenden Schritte notwendig:<\/p>\n\t<ul>\n\t\t<li>\t\t\n\t\t1<h3>Backup<\/h3><p>Ein umfassendes Backup ist die Grundlage jedes WordPress-Wartungsservices. So wird sichergestellt, dass alle deine Daten, von Beitr\u00e4gen bis zu Mediendateien, sicher gespeichert sind. Sollte es bei Aktualisierungen oder Wartungsarbeiten zu Problemen kommen, kann deine Website mit einem Backup schnell wieder in den urspr\u00fcnglichen Zustand versetzt werden. Untersch\u00e4tze niemals den Wert dieser ersten Sicherung; sie ist die Versicherung, f\u00fcr die du dankbar sein wirst.<\/p><\/li><li>\t\t\n\t\t2<h3>Staging Seite<\/h3><p>F\u00fcr Websites, die stark frequentiert werden oder komplizierte Funktionen haben, ist die Einrichtung einer Staging-Site sehr empfehlenswert. Dies ist eine Nachbildung deiner Live-Website und bietet eine Sandbox-Umgebung, in der du Aktualisierungen und \u00c4nderungen testen kannst, ohne dass die Benutzererfahrung auf der Haupt-Website beeintr\u00e4chtigt wird. Im Rahmen unseres individuellen Website-Wartungsservices empfehlen wir diesen Schritt f\u00fcr Unternehmen, die sich keine Ausfallzeiten oder St\u00f6rungen leisten k\u00f6nnen.<\/p><\/li><li>\t\t\n\t\t3<h3>Caching deaktivieren<\/h3><p>Caching-Plugins sind hervorragend geeignet, um WordPress-Websites zu beschleunigen, indem sie h\u00e4ufig genutzte Daten speichern und den Nutzern schnell zur Verf\u00fcgung stellen. Bevor du jedoch gr\u00f6\u00dfere Updates durchf\u00fchrst, solltest du diese Plugins unbedingt deaktivieren. Wenn du sie aktiv l\u00e4sst, kann das zu verzerrten Ergebnissen f\u00fchren und dich glauben lassen, dass die Aktualisierungen fehlerfrei sind, obwohl sie es nicht sind. Durch die Deaktivierung der Zwischenspeicherung stellt unser kosteng\u00fcnstiger Website-Wartungsservice sicher, dass du die \u00c4nderungen w\u00e4hrend des Aktualisierungsprozesses in Echtzeit siehst.<\/p><\/li><li>\t\t\n\t\t4<h3>Themes und Plugins aktualisieren<\/h3><p>Die digitale Welt entwickelt sich st\u00e4ndig weiter, und die Tools, die du verwendest, n\u00e4mlich Plugins und Themes, m\u00fcssen regelm\u00e4\u00dfig aktualisiert werden, um kompatibel und sicher zu bleiben. Bevor du dich mit dem WordPress Core Update besch\u00e4ftigst, solltest du mit den Plugins und Themes beginnen. So stellst du sicher, dass sie mit der neuesten WordPress-Version kompatibel sind, und optimierst die Funktionalit\u00e4t und Sicherheit deiner Website. Vergiss nicht, dass eine Vernachl\u00e4ssigung dieser Aufgabe zu Kompatibilit\u00e4tsproblemen f\u00fchren kann, die die Funktionen deiner Website beeintr\u00e4chtigen k\u00f6nnen.<\/p><\/li><li>\t\t\n\t\t5<h3>WordPress aktualisieren<\/h3><p>Nachdem Themes und Plugins auf dem neuesten Stand sind, ist es an der Zeit, sich dem Kern von WordPress zuzuwenden. Regelm\u00e4\u00dfige Updates von WordPress sind wichtig, um von den neuesten Funktionen, Verbesserungen und Sicherheitspatches zu profitieren. Im Rahmen unserer ma\u00dfgeschneiderten WordPress-Wartungspakete sorgen wir daf\u00fcr, dass dein Kernsystem immer auf dem neuesten Stand ist und das Beste in Sachen Leistung und Sicherheit bietet.<\/p><\/li><li>\t\t\n\t\t6<h3>\u00dcberpr\u00fcfung der Website<\/h3><p>Nach der Aktualisierung ist eine sorgf\u00e4ltige \u00dcberpr\u00fcfung der Website unerl\u00e4sslich. Dabei geht es nicht nur darum, sicherzustellen, dass die Seiten geladen werden, sondern auch darum, dass alle Funktionen - vom Kontaktformular bis zur E-Commerce-Kasse - einwandfrei funktionieren. Unser umfassender Post-Update-Check pr\u00fcft alle Ecken und Kanten und sorgt daf\u00fcr, dass dein Nutzererlebnis erstklassig bleibt.<\/p><\/li><li>\t\t\n\t\t7<h3>Beende das Update<\/h3><p>Wenn du mit dem Erfolg des Updates zufrieden bist, ist es an der Zeit, die Sache abzuschlie\u00dfen. Das bedeutet, dass alle Caching-Plugins reaktiviert werden m\u00fcssen, um die Geschwindigkeit deiner Website wiederherzustellen. Wenn die Aktualisierungen auf einer Staging-Site durchgef\u00fchrt wurden, ist es jetzt an der Zeit, sie mit deiner Live-Site zu synchronisieren. Mit unserem erschwinglichen WordPress-Wartungsservice wird dieser Prozess rationalisiert und effizient gestaltet, sodass ein nahtloser \u00dcbergang mit minimalen Unterbrechungen gew\u00e4hrleistet ist.<\/p><\/li>\t<\/ul>\n<h2>\n\t\tSoftware, mit der wir deine Website kostenlos optimieren\n\t<\/h2>\n\t<p>Unser Engagement f\u00fcr ein erstklassiges digitales Erlebnis h\u00f6rt nicht bei der Wartung auf. Wir haben eine Liste erstklassiger Software-Tools zusammengestellt, mit denen du deine Website optimieren kannst. Sie sind alle Teil unseres Pakets, damit du das Beste bekommst, ohne dass dir zus\u00e4tzliche Kosten entstehen.<\/p>\n<h3>\n\t\tThemen\n\t<\/h3>\n\t<p><strong>Nur Premium-Themen<\/strong>: Wenn du dich f\u00fcr Premium entscheidest, profitierst du von regelm\u00e4\u00dfigen Updates, weniger technischen St\u00f6rungen, h\u00f6heren Geschwindigkeiten und verbesserter Kompatibilit\u00e4t.<\/p>\n<ul>\n<li><strong>Beaver Builder Theme<\/strong>: Ma\u00dfgeschneidert f\u00fcr Pr\u00e4zision und Flexibilit\u00e4t im Design.<\/li>\n<li><strong>Astra Pro<\/strong>: Ber\u00fchmt f\u00fcr seine leichte Struktur und nahtlose Leistung.<\/li>\n<\/ul>\n<h3>\n\t\tPremium Plugins\n\t<\/h3>\n<h4>\n\t\tErstellung\/Anpassung der Website\n\t<\/h4>\n\t<p>Im Mittelpunkt unseres Webdesign-Ansatzes steht die Verpflichtung zu Qualit\u00e4t und Leistung. Wir sind stolz darauf, eine Auswahl an branchenf\u00fchrenden Premium-Plugins zu verwenden, um Websites zu erstellen, die sich von anderen abheben und eine tadellose Leistung bieten.<\/p>\n<ul>\n<li><strong>Beaver Builder Plugin (Pro Version)<\/strong>: Das ultimative Werkzeug zum Erstellen und Anpassen visuell beeindruckender Seiten.<\/li>\n<li><strong>Biber Themer<\/strong>: Erm\u00f6glicht detaillierte Anpassungen, ohne in den Code einzutauchen.<\/li>\n<li><strong>Ultimative Addons f\u00fcr Beaver Builder<\/strong>: Ein umfangreicher Satz von Modulen, mit denen du die Funktionalit\u00e4t deiner Website erweitern kannst.<\/li>\n<li><strong>Schema Pro<\/strong>: Verbessere die Sichtbarkeit deiner Website mit Schema Markup - erh\u00f6he die Besucherzahlen und erreiche ein besseres Suchmaschinenranking.<\/li>\n<li><strong>Pro umwandeln<\/strong>: Verwandle die Besucher deiner Website in Leads und Verk\u00e4ufe mit diesem fortschrittlichen Conversion-Tool.<\/li>\n<li><strong>\u00dcbersetze Presse Pro<\/strong>:\n<ul>\n<li><strong>Inklusive SEO-Optimierung<\/strong>: Sorge daf\u00fcr, dass jede Sprachversion deiner Website f\u00fcr Suchmaschinen optimiert ist.<\/li>\n<li><strong>Automatisierte \u00dcbersetzung<\/strong>: Nahtlose \u00dcbersetzung ohne manuelle Eingabe.<\/li>\n<li><strong>Mehrere Sprachen<\/strong>: Erweitere deine Reichweite auf der ganzen Welt mit der Unterst\u00fctzung einer Vielzahl von Sprachen.<\/li>\n<li><strong>\u00dcbersetzer-Konten<\/strong>: Biete spezielle Konten f\u00fcr \u00dcbersetzer\/innen an, um den \u00dcbersetzungsprozess zu vereinfachen.<\/li>\n<\/ul>\n<\/li>\n<\/ul>\n<h4>\n\t\tSEO und CRO (Conversion Rate Optimization)<br>\n\t<\/h4>\n\t<p>Um sich auf dem digitalen Markt zurechtzufinden, muss man sich auf zwei Dinge konzentrieren: die Nutzer mit effektiver Suchmaschinenoptimierung (SEO) anlocken und diese Besuche dann in verwertbare Ergebnisse umwandeln. Um dies zu erreichen, setzen wir eine Reihe von branchenf\u00fchrenden Tools ein, die darauf zugeschnitten sind, die Sichtbarkeit deiner Website zu maximieren und die User Journey f\u00fcr Conversions zu optimieren.<\/p>\n<ul>\n<li><strong>Schema Pro<\/strong>: Steigere das SEO-Potenzial deiner Website mit Schema Markup. Indem du die Sichtbarkeit verbesserst, kannst du mehr Besucher anlocken und dir eine bessere Platzierung in den Suchmaschinenergebnissen sichern.<\/li>\n<li><strong>Pro umwandeln<\/strong>: Jeder Besucher deiner Website stellt ein potenzielles Gesch\u00e4ft dar. Mit Convert Pro verwandeln wir zuf\u00e4llige Besuche nahtlos in konkrete Leads und Verk\u00e4ufe und steigern so deine Konversionsraten.<\/li>\n<li><strong>AB Split Test<\/strong>: Im Bereich CRO sind Daten das A und O. Mit AB Split Test k\u00f6nnen wir kontrollierte Tests durchf\u00fchren und Webseiten-Elemente verfeinern, um die effektivsten Strategien zur Steigerung der Conversions zu ermitteln.<\/li>\n<\/ul>\n<h4>\n\t\tWebsite Sicherheit\n\t<\/h4>\n\t<p>In der heutigen digitalen Welt ist eine solide Website-Sicherheit nicht verhandelbar. Wir k\u00fcmmern uns vorrangig um den Schutz deiner Website, indem wir Premium-Plugins einsetzen, um sicherzustellen, dass sie unangreifbar bleibt, deine Daten gesch\u00fctzt sind und du deinen Besuchern einen gleichbleibenden Service bieten kannst.<\/p>\n<ul>\n<li><strong>iThemes Security Pro<\/strong>: Sch\u00fctze deine Website vor potenziellen Bedrohungen und sorge f\u00fcr Datenintegrit\u00e4t und einen unterbrechungsfreien Betrieb.<\/li>\n<\/ul>\n<h4>\n\t\tOptimierung der Geschwindigkeit\n\t<\/h4>\n\t<p>In der schnelllebigen digitalen Welt ist Geschwindigkeit nicht nur ein Vorteil - sie ist eine Notwendigkeit. Neben schnellen Ladezeiten ist auch die Effizienz der visuellen Elemente von entscheidender Bedeutung. Wir setzen die folgenden Tools ein, um sicherzustellen, dass deine Website sowohl blitzschnell als auch visuell einwandfrei ist.<\/p>\n<ul>\n<li><strong>WP Rocket<\/strong>: Eines der branchenweit besten Caching-Plugins, das daf\u00fcr sorgt, dass deine Website blitzschnell geladen wird, das Nutzererlebnis verbessert und deine SEO-Rankings steigert.<\/li>\n<li><strong>Imagify<\/strong>: Ein unverzichtbares Werkzeug f\u00fcr die Optimierung von Webbildern. Es sorgt daf\u00fcr, dass deine Bilder schnell geladen werden, ohne dass die Qualit\u00e4t darunter leidet, und tr\u00e4gt so zu einem reibungslosen Nutzererlebnis bei.<\/li>\n<\/ul>","protected":false},"excerpt":{"rendered":"<p>In todays era having a website is essential for your brands online presence. It&#8217;s not about simply having a website but also making sure it operates smoothly remains secure and continues to cater to your audience seamlessly. Just imagine owning a sports car. Never taking it for regular servicing. Obviously it won&#8217;t perform at its [&hellip;]<\/p>\n","protected":false},"author":1,"featured_media":0,"parent":0,"menu_order":0,"comment_status":"closed","ping_status":"closed","template":"","meta":{"site-sidebar-layout":"default","site-content-layout":"","ast-site-content-layout":"default","site-content-style":"default","site-sidebar-style":"default","ast-global-header-display":"","ast-banner-title-visibility":"","ast-main-header-display":"","ast-hfb-above-header-display":"","ast-hfb-below-header-display":"","ast-hfb-mobile-header-display":"","site-post-title":"disabled","ast-breadcrumbs-content":"","ast-featured-img":"","footer-sml-layout":"","ast-disable-related-posts":"","theme-transparent-header-meta":"","adv-header-id-meta":"","stick-header-meta":"","header-above-stick-meta":"","header-main-stick-meta":"","header-below-stick-meta":"","astra-migrate-meta-layouts":"set","ast-page-background-enabled":"default","ast-page-background-meta":{"desktop":{"background-color":"","background-image":"","background-repeat":"repeat","background-position":"center center","background-size":"auto","background-attachment":"scroll","background-type":"","background-media":"","overlay-type":"","overlay-color":"","overlay-opacity":"","overlay-gradient":""},"tablet":{"background-color":"","background-image":"","background-repeat":"repeat","background-position":"center center","background-size":"auto","background-attachment":"scroll","background-type":"","background-media":"","overlay-type":"","overlay-color":"","overlay-opacity":"","overlay-gradient":""},"mobile":{"background-color":"","background-image":"","background-repeat":"repeat","background-position":"center center","background-size":"auto","background-attachment":"scroll","background-type":"","background-media":"","overlay-type":"","overlay-color":"","overlay-opacity":"","overlay-gradient":""}},"ast-content-background-meta":{"desktop":{"background-color":"var(--ast-global-color-5)","background-image":"","background-repeat":"repeat","background-position":"center center","background-size":"auto","background-attachment":"scroll","background-type":"","background-media":"","overlay-type":"","overlay-color":"","overlay-opacity":"","overlay-gradient":""},"tablet":{"background-color":"var(--ast-global-color-5)","background-image":"","background-repeat":"repeat","background-position":"center center","background-size":"auto","background-attachment":"scroll","background-type":"","background-media":"","overlay-type":"","overlay-color":"","overlay-opacity":"","overlay-gradient":""},"mobile":{"background-color":"var(--ast-global-color-5)","background-image":"","background-repeat":"repeat","background-position":"center center","background-size":"auto","background-attachment":"scroll","background-type":"","background-media":"","overlay-type":"","overlay-color":"","overlay-opacity":"","overlay-gradient":""}},"footnotes":""},"class_list":["post-2899","page","type-page","status-publish","hentry"],"_links":{"self":[{"href":"https:\/\/www.domrawebsolutions.com\/de\/wp-json\/wp\/v2\/pages\/2899","targetHints":{"allow":["GET"]}}],"collection":[{"href":"https:\/\/www.domrawebsolutions.com\/de\/wp-json\/wp\/v2\/pages"}],"about":[{"href":"https:\/\/www.domrawebsolutions.com\/de\/wp-json\/wp\/v2\/types\/page"}],"author":[{"embeddable":true,"href":"https:\/\/www.domrawebsolutions.com\/de\/wp-json\/wp\/v2\/users\/1"}],"replies":[{"embeddable":true,"href":"https:\/\/www.domrawebsolutions.com\/de\/wp-json\/wp\/v2\/comments?post=2899"}],"version-history":[{"count":16,"href":"https:\/\/www.domrawebsolutions.com\/de\/wp-json\/wp\/v2\/pages\/2899\/revisions"}],"predecessor-version":[{"id":3218,"href":"https:\/\/www.domrawebsolutions.com\/de\/wp-json\/wp\/v2\/pages\/2899\/revisions\/3218"}],"wp:attachment":[{"href":"https:\/\/www.domrawebsolutions.com\/de\/wp-json\/wp\/v2\/media?parent=2899"}],"curies":[{"name":"wp","href":"https:\/\/api.w.org\/{rel}","templated":true}]}}