{"id":2941,"date":"2023-09-29T12:43:25","date_gmt":"2023-09-29T12:43:25","guid":{"rendered":"https:\/\/www.domrawebsolutions.com\/?page_id=2941"},"modified":"2023-11-09T11:37:05","modified_gmt":"2023-11-09T11:37:05","slug":"about","status":"publish","type":"page","link":"https:\/\/www.domrawebsolutions.com\/de\/uber-uns\/","title":{"rendered":"\u00dcber uns"},"content":{"rendered":"<h2>\n\t\t\u00dcber uns\n\t<\/h2>\n\t<p>Willkommen bei domra Web Solutions, einem Ort, an dem deine Bed\u00fcrfnisse im Bereich Webentwicklung und Digitales mit Fachwissen, Innovation und einem hohen Ma\u00df an Engagement erf\u00fcllt werden. Als Teil von domra Web Development LLC sind wir stolz darauf, ein zuverl\u00e4ssiger Partner f\u00fcr Unternehmen und Einzelpersonen zu sein, die einen bedeutenden digitalen Einfluss aus\u00fcben wollen.<\/p>\n<h2>\n\t\t<img decoding=\"async\" role=\"img\" draggable=\"false\" src=\"https:\/\/s.w.org\/images\/core\/emoji\/14.0.0\/svg\/1f680.svg\" alt=\"\ud83d\ude80\" \/> Unsere Mission\n\t<\/h2>\n\t<p>Wir bei domra Web Solutions haben ein einfaches Ziel: Wir wollen au\u00dfergew\u00f6hnliche, leistungsstarke und sichere digitale Erlebnisse schaffen. Unser engagiertes und leidenschaftliches Team ist darauf spezialisiert, ma\u00dfgeschneiderte Web Solutions zu entwickeln, die auf deine individuellen Bed\u00fcrfnisse und Ziele abgestimmt sind. Wir stellen uns eine Welt vor, in der deine digitale Pr\u00e4senz nicht nur gesehen wird, sondern auch wirkungsvoll und aussagekr\u00e4ftig ist.<\/p>\n<h2>\n\t\t<img decoding=\"async\" role=\"img\" draggable=\"false\" src=\"https:\/\/s.w.org\/images\/core\/emoji\/14.0.0\/svg\/1f468-200d-1f4bb.svg\" alt=\"\ud83d\udc68\u200d\ud83d\udcbb\" \/> Treffe unser Team\n\t<\/h2>\n\t<p>Lerne das Herz und die Seele von domra Web Solutions kennen: unser Team. Jedes Mitglied bringt einzigartige Fachkenntnisse, eine Leidenschaft f\u00fcr die Webentwicklung und ein gemeinsames Engagement f\u00fcr deinen Erfolg mit. Wir kennen uns mit WordPress und ma\u00dfgeschneiderter Webentwicklung aus und sind in der Lage, L\u00f6sungen zu liefern, mit denen du dich in der digitalen Landschaft abhebst.<\/p>\n<h2>\n\t\t<img decoding=\"async\" role=\"img\" draggable=\"false\" src=\"https:\/\/s.w.org\/images\/core\/emoji\/14.0.0\/svg\/1f4bb.svg\" alt=\"\ud83d\udcbb\" \/> Was wir tun\n\t<\/h2>\n\t<p>Wir bieten eine breite Palette an hochwertigen Dienstleistungen an, die ma\u00dfgeschneiderte Websites, Website-Erweiterungen, benutzerdefinierte Plugins, Wartung und Backups, Web-Sicherheit usw. umfassen (siehe mehr von unseren <a href=\"https:\/\/www.domrawebsolutions.com\/de\/dienstleistungen\/\">Dienstleistungen<\/a>)<\/p>\n\t<p>Komm zu uns! in die neu gestaltete Welt der Web-Solutions. Dein <strong>Erfolg<\/strong> in der digitalen Welt <strong>beginnt hier<\/strong>. Willkommen bei <em>domra Web Solutions<\/em>. Viel Spa\u00df beim Codieren! <img decoding=\"async\" role=\"img\" draggable=\"false\" src=\"https:\/\/s.w.org\/images\/core\/emoji\/14.0.0\/svg\/1f4bb.svg\" alt=\"\ud83d\udcbb\" \/><\/p>","protected":false},"excerpt":{"rendered":"<p>About Us Welcome to domra Web Solutions, a haven where your web development and digital needs are met with expertise, innovation, and a commitment to excellence. As a division of domra Web Development LLC, we pride ourselves on being a trusted partner for businesses and individuals looking to make a significant digital impact. Our Mission [&hellip;]<\/p>\n","protected":false},"author":1,"featured_media":0,"parent":0,"menu_order":0,"comment_status":"closed","ping_status":"closed","template":"","meta":{"site-sidebar-layout":"default","site-content-layout":"","ast-site-content-layout":"full-width-container","site-content-style":"default","site-sidebar-style":"default","ast-global-header-display":"","ast-banner-title-visibility":"","ast-main-header-display":"","ast-hfb-above-header-display":"","ast-hfb-below-header-display":"","ast-hfb-mobile-header-display":"","site-post-title":"disabled","ast-breadcrumbs-content":"","ast-featured-img":"","footer-sml-layout":"","ast-disable-related-posts":"","theme-transparent-header-meta":"","adv-header-id-meta":"","stick-header-meta":"","header-above-stick-meta":"","header-main-stick-meta":"","header-below-stick-meta":"","astra-migrate-meta-layouts":"set","ast-page-background-enabled":"default","ast-page-background-meta":{"desktop":{"background-color":"","background-image":"","background-repeat":"repeat","background-position":"center center","background-size":"auto","background-attachment":"scroll","background-type":"","background-media":"","overlay-type":"","overlay-color":"","overlay-opacity":"","overlay-gradient":""},"tablet":{"background-color":"","background-image":"","background-repeat":"repeat","background-position":"center center","background-size":"auto","background-attachment":"scroll","background-type":"","background-media":"","overlay-type":"","overlay-color":"","overlay-opacity":"","overlay-gradient":""},"mobile":{"background-color":"","background-image":"","background-repeat":"repeat","background-position":"center center","background-size":"auto","background-attachment":"scroll","background-type":"","background-media":"","overlay-type":"","overlay-color":"","overlay-opacity":"","overlay-gradient":""}},"ast-content-background-meta":{"desktop":{"background-color":"var(--ast-global-color-5)","background-image":"","background-repeat":"repeat","background-position":"center center","background-size":"auto","background-attachment":"scroll","background-type":"","background-media":"","overlay-type":"","overlay-color":"","overlay-opacity":"","overlay-gradient":""},"tablet":{"background-color":"var(--ast-global-color-5)","background-image":"","background-repeat":"repeat","background-position":"center center","background-size":"auto","background-attachment":"scroll","background-type":"","background-media":"","overlay-type":"","overlay-color":"","overlay-opacity":"","overlay-gradient":""},"mobile":{"background-color":"var(--ast-global-color-5)","background-image":"","background-repeat":"repeat","background-position":"center center","background-size":"auto","background-attachment":"scroll","background-type":"","background-media":"","overlay-type":"","overlay-color":"","overlay-opacity":"","overlay-gradient":""}},"footnotes":""},"class_list":["post-2941","page","type-page","status-publish","hentry"],"_links":{"self":[{"href":"https:\/\/www.domrawebsolutions.com\/de\/wp-json\/wp\/v2\/pages\/2941","targetHints":{"allow":["GET"]}}],"collection":[{"href":"https:\/\/www.domrawebsolutions.com\/de\/wp-json\/wp\/v2\/pages"}],"about":[{"href":"https:\/\/www.domrawebsolutions.com\/de\/wp-json\/wp\/v2\/types\/page"}],"author":[{"embeddable":true,"href":"https:\/\/www.domrawebsolutions.com\/de\/wp-json\/wp\/v2\/users\/1"}],"replies":[{"embeddable":true,"href":"https:\/\/www.domrawebsolutions.com\/de\/wp-json\/wp\/v2\/comments?post=2941"}],"version-history":[{"count":10,"href":"https:\/\/www.domrawebsolutions.com\/de\/wp-json\/wp\/v2\/pages\/2941\/revisions"}],"predecessor-version":[{"id":3135,"href":"https:\/\/www.domrawebsolutions.com\/de\/wp-json\/wp\/v2\/pages\/2941\/revisions\/3135"}],"wp:attachment":[{"href":"https:\/\/www.domrawebsolutions.com\/de\/wp-json\/wp\/v2\/media?parent=2941"}],"curies":[{"name":"wp","href":"https:\/\/api.w.org\/{rel}","templated":true}]}}