{"id":2955,"date":"2023-09-29T14:57:46","date_gmt":"2023-09-29T14:57:46","guid":{"rendered":"https:\/\/www.domrawebsolutions.com\/?page_id=2955"},"modified":"2025-01-06T13:46:29","modified_gmt":"2025-01-06T13:46:29","slug":"contact","status":"publish","type":"page","link":"https:\/\/www.domrawebsolutions.com\/de\/kontaktiere-uns\/","title":{"rendered":"Kontakt"},"content":{"rendered":"<h2>\n\t\tKontakt\n\t<\/h2>\n\t<p>Du bist auf dem Weg zur Webentwicklung? Lass uns Kontakt aufnehmen! Bei domra Web Solutions stehen deine Visionen, Fragen und Ideen an erster Stelle. Nutze die unten stehenden Informationen, um uns zu kontaktieren, und wir werden dir so schnell wie m\u00f6glich antworten. Dein Weg zu einer bemerkenswerten digitalen Pr\u00e4senz beginnt hier.<\/p>\n<h2>\n\t\t\ud83e\udd1d Lass uns verbinden!\n\t<\/h2>\n\t<ul>\n<li><img decoding=\"async\" role=\"img\" draggable=\"false\" src=\"https:\/\/s.w.org\/images\/core\/emoji\/14.0.0\/svg\/1f4e7.svg\" alt=\"\ud83d\udce7\" \/> E-Mail: <a href=\"mailto:info@domrawebsolutions.com\" target=\"_blank\" rel=\"noopener\">info@domrawebsolutions.com<\/a><\/li>\n<li><img loading=\"lazy\" decoding=\"async\" src=\"https:\/\/www.domrawebsolutions.com\/wp-content\/uploads\/2023\/11\/facebook.png\" alt=\"\" width=\"24\" height=\"24\" \/> Facebook: <a href=\"https:\/\/www.facebook.com\/domrawebsolutionsDE\" target=\"_blank\" rel=\"noopener\">domrawebsolutionsDE<\/a><\/li>\n<li><img loading=\"lazy\" decoding=\"async\" src=\"https:\/\/www.domrawebsolutions.com\/wp-content\/uploads\/2023\/11\/call_FILL0_wght200_GRAD0_opsz24.png\" alt=\"\" width=\"24\" height=\"24\" \/> SMS &amp; Anruf: <a href=\"tel:0013074590949\" target=\"_blank\" rel=\"noopener\">+1 307 459 0949<\/a><\/li>\n<li><img loading=\"lazy\" decoding=\"async\" src=\"https:\/\/www.domrawebsolutions.com\/wp-content\/uploads\/2023\/11\/whatsapp.png\" alt=\"\" width=\"24\" height=\"24\" \/> WhatsApp: <a href=\"https:\/\/wa.me\/13074590949\" target=\"_blank\" rel=\"noopener\">+1 307 459 0949<\/a><\/li>\n<\/ul>\n<h2>\n\t\t\ud83d\udccd Standort\n\t<\/h2>\n\t<p>\ud83c\udf10 Weltweit <em>(Der gr\u00f6\u00dfte Teil unseres Teams befindet sich in S\u00fcdostasien)<\/em><\/p>\n<h2>\n\t\t\ud83d\udcc5 Buche deinen Termin\n\t<\/h2>\n\t<p>Bist du bereit, deine Webvision zum Leben zu erwecken? Sichere dir jetzt einen Termin mit unserem Team. W\u00e4hle dein bevorzugtes Datum und deine Uhrzeit auf unserer <a href=\"https:\/\/calendly.com\/dominikrauch\/60min?month=2023-09\">Buchen Seite<\/a>und lass uns damit beginnen, deine ideale Webl\u00f6sung zu entwerfen.<\/p>\n<h2>\n\t\tNotruf (1 Stunde)\n\t<\/h2>\n\t<p>Du brauchst sofortige Hilfe? Vereinbare einen einst\u00fcndigen Notruf auf unserer Buchungsseite. Unser Team ist da, um dir sofort zu helfen. Deine L\u00f6sung ist nur einen Anruf entfernt! <img decoding=\"async\" role=\"img\" draggable=\"false\" src=\"https:\/\/s.w.org\/images\/core\/emoji\/14.0.0\/svg\/260e.svg\" alt=\"\u260e\ufe0f\" \/><img decoding=\"async\" role=\"img\" draggable=\"false\" src=\"https:\/\/s.w.org\/images\/core\/emoji\/14.0.0\/svg\/1f6a8.svg\" alt=\"\ud83d\udea8\" \/><\/p>\n\t\t\t<a href=\"https:\/\/www.domrawebsolutions.com\/de\/notruf-1-stunde\/\" target=\"_self\">\n\t\t\t\t\t\t\tJetzt buchen\n\t\t\t<\/a>\n<h2>\n\t\tOnline Live Support (1 Stunde)\n\t<\/h2>\n\t<p>Nimm an einer einst\u00fcndigen Live-Support-Sitzung teil. Melde dich hier an, um sofortige Unterst\u00fctzung, Antworten auf deine Fragen und fachkundige Beratung zu erhalten. Wir sind hier, um dir zum Erfolg zu verhelfen! \ud83c\udf10\ud83e\udd1d<\/p>\n\t\t\t<a href=\"https:\/\/www.domrawebsolutions.com\/de\/online-live-support-1-stunde\/\" target=\"_self\">\n\t\t\t\t\t\t\tJetzt buchen\n\t\t\t<\/a>\n<h2>\n\t\tEinf\u00fchrungsgespr\u00e4ch f\u00fcr neue Kunden (1 Stunde)\n\t<\/h2>\n\t<p>Nimm an einer informativen einst\u00fcndigen Sitzung teil. Vereinbare hier einen Termin, um unsere Dienstleistungen und unser Team kennenzulernen und zu erfahren, wie wir dich unterst\u00fctzen k\u00f6nnen. Lass uns gemeinsam Fortschritte machen! \ud83d\ude80<\/p>\n\t\t\t<a href=\"https:\/\/www.domrawebsolutions.com\/de\/einfuhrungsgesprach-fur-neue-kunden-1-stunde\/\" target=\"_self\">\n\t\t\t\t\t\t\tJetzt buchen\n\t\t\t<\/a>\n<h2>\n\t\tKostenlose Einf\u00fchrungsveranstaltung f\u00fcr neue Kunden (15 Minuten)\n\t<\/h2>\n\t\t\t<a href=\"https:\/\/www.domrawebsolutions.com\/de\/kostenloses-einfuhrungsgesprach-fur-neue-kunden-15-minuten\/\" target=\"_self\">\n\t\t\t\t\t\t\tJetzt buchen\n\t\t\t<\/a>\n\t<p><em>Dein Feedback und deine Anfragen treiben unser kontinuierliches Wachstum und unsere Weiterentwicklung voran<\/em>. <strong>Lass es uns wissen!<\/strong> wie wir dir behilflich sein k\u00f6nnen. Bei domra Web Solutions ist deine digitale Reise unsere Leidenschaft und dein Erfolg unser gemeinsames Ziel. <strong>Erreiche uns heute<\/strong>und lass uns gemeinsam etwas Au\u00dfergew\u00f6hnliches aufbauen! <img decoding=\"async\" role=\"img\" draggable=\"false\" src=\"https:\/\/s.w.org\/images\/core\/emoji\/14.0.0\/svg\/1f680.svg\" alt=\"\ud83d\ude80\" \/><\/p>\n<h2>\n\t\tBist du bereit, deine WordPress-Website aufzuwerten?\n\t<\/h2>\n\t<p>Arbeite mit unserem dynamischen Team zusammen, um gro\u00dfartige Ergebnisse und innovative L\u00f6sungen zu erzielen, die auf deine speziellen Bed\u00fcrfnisse zugeschnitten sind.<\/p>\n\t\t\t<a href=\"https:\/\/calendly.com\/dominikrauch\/60min?month=2023-08\" target=\"_blank\" rel=\"noopener\">\n\t\t\t\t\t\t\tLass uns reden\n\t\t\t<\/a>","protected":false},"excerpt":{"rendered":"<p>Contact Us Embarking on your web development journey? Let&#8217;s get in touch! At domra Web Solutions, your vision, questions, and ideas are paramount to us. Use the information below to reach out and we&#8217;ll respond as soon as possible. Your path to a remarkable digital presence begins here. \ud83e\udd1d Let&#8217;s Connect! Email: info@domrawebsolutions.com Facebook: domrawebsolutions [&hellip;]<\/p>\n","protected":false},"author":1,"featured_media":0,"parent":0,"menu_order":0,"comment_status":"closed","ping_status":"closed","template":"","meta":{"site-sidebar-layout":"default","site-content-layout":"","ast-site-content-layout":"full-width-container","site-content-style":"default","site-sidebar-style":"default","ast-global-header-display":"","ast-banner-title-visibility":"","ast-main-header-display":"","ast-hfb-above-header-display":"","ast-hfb-below-header-display":"","ast-hfb-mobile-header-display":"","site-post-title":"disabled","ast-breadcrumbs-content":"","ast-featured-img":"","footer-sml-layout":"","ast-disable-related-posts":"","theme-transparent-header-meta":"","adv-header-id-meta":"","stick-header-meta":"","header-above-stick-meta":"","header-main-stick-meta":"","header-below-stick-meta":"","astra-migrate-meta-layouts":"set","ast-page-background-enabled":"default","ast-page-background-meta":{"desktop":{"background-color":"","background-image":"","background-repeat":"repeat","background-position":"center center","background-size":"auto","background-attachment":"scroll","background-type":"","background-media":"","overlay-type":"","overlay-color":"","overlay-opacity":"","overlay-gradient":""},"tablet":{"background-color":"","background-image":"","background-repeat":"repeat","background-position":"center center","background-size":"auto","background-attachment":"scroll","background-type":"","background-media":"","overlay-type":"","overlay-color":"","overlay-opacity":"","overlay-gradient":""},"mobile":{"background-color":"","background-image":"","background-repeat":"repeat","background-position":"center center","background-size":"auto","background-attachment":"scroll","background-type":"","background-media":"","overlay-type":"","overlay-color":"","overlay-opacity":"","overlay-gradient":""}},"ast-content-background-meta":{"desktop":{"background-color":"var(--ast-global-color-5)","background-image":"","background-repeat":"repeat","background-position":"center center","background-size":"auto","background-attachment":"scroll","background-type":"","background-media":"","overlay-type":"","overlay-color":"","overlay-opacity":"","overlay-gradient":""},"tablet":{"background-color":"var(--ast-global-color-5)","background-image":"","background-repeat":"repeat","background-position":"center center","background-size":"auto","background-attachment":"scroll","background-type":"","background-media":"","overlay-type":"","overlay-color":"","overlay-opacity":"","overlay-gradient":""},"mobile":{"background-color":"var(--ast-global-color-5)","background-image":"","background-repeat":"repeat","background-position":"center center","background-size":"auto","background-attachment":"scroll","background-type":"","background-media":"","overlay-type":"","overlay-color":"","overlay-opacity":"","overlay-gradient":""}},"footnotes":""},"class_list":["post-2955","page","type-page","status-publish","hentry"],"_links":{"self":[{"href":"https:\/\/www.domrawebsolutions.com\/de\/wp-json\/wp\/v2\/pages\/2955","targetHints":{"allow":["GET"]}}],"collection":[{"href":"https:\/\/www.domrawebsolutions.com\/de\/wp-json\/wp\/v2\/pages"}],"about":[{"href":"https:\/\/www.domrawebsolutions.com\/de\/wp-json\/wp\/v2\/types\/page"}],"author":[{"embeddable":true,"href":"https:\/\/www.domrawebsolutions.com\/de\/wp-json\/wp\/v2\/users\/1"}],"replies":[{"embeddable":true,"href":"https:\/\/www.domrawebsolutions.com\/de\/wp-json\/wp\/v2\/comments?post=2955"}],"version-history":[{"count":23,"href":"https:\/\/www.domrawebsolutions.com\/de\/wp-json\/wp\/v2\/pages\/2955\/revisions"}],"predecessor-version":[{"id":3598,"href":"https:\/\/www.domrawebsolutions.com\/de\/wp-json\/wp\/v2\/pages\/2955\/revisions\/3598"}],"wp:attachment":[{"href":"https:\/\/www.domrawebsolutions.com\/de\/wp-json\/wp\/v2\/media?parent=2955"}],"curies":[{"name":"wp","href":"https:\/\/api.w.org\/{rel}","templated":true}]}}