{"id":2971,"date":"2023-09-30T04:10:58","date_gmt":"2023-09-30T04:10:58","guid":{"rendered":"https:\/\/www.domrawebsolutions.com\/?page_id=2971"},"modified":"2025-01-06T13:59:46","modified_gmt":"2025-01-06T13:59:46","slug":"custom-wordpress-website-development","status":"publish","type":"page","link":"https:\/\/www.domrawebsolutions.com\/de\/kundenspezifische-wordpress-website-entwicklung\/","title":{"rendered":"Individuelle WordPress Website Entwicklung"},"content":{"rendered":"<h2>\n\t\tIndividuelle WordPress Website-Entwicklung\n\t<\/h2>\n\t<p>Wir bei domra Web Solutions wissen, dass jedes Unternehmen einzigartig ist und seine eigenen Bed\u00fcrfnisse und Ziele hat. Unser <strong>Individuelle WordPress Website Entwicklung<\/strong> Unsere Dienstleistungen sind auf diese speziellen Bed\u00fcrfnisse zugeschnitten und stellen sicher, dass deine Onlinepr\u00e4senz ein echtes Spiegelbild deiner Marke ist. Wir sind spezialisiert auf die Erstellung <strong>Ma\u00dfgeschneiderte WordPress Websites<\/strong>die \u00c4sthetik mit nahtloser Funktionalit\u00e4t in Einklang bringt. Deine WordPress-Website ist nicht nur eine digitale Plattform, sie ist eine Erweiterung deiner Marke, ein Raum, in dem dein Publikum auf einer tieferen Ebene mit deinem Unternehmen in Kontakt treten kann.<\/p>\n<h2>\n\t\tWarum sollten Sie sich f\u00fcr unsere WordPress-Website-Entwicklungsdienste entscheiden?\n\t<\/h2>\n\t<p>Unsere Erfahrung in der Gestaltung und Entwicklung individueller Websites garantiert eine Website, die nicht nur optisch beeindruckend, sondern auch robust und benutzerfreundlich ist. Jeder Aspekt, vom Layout und Farbschema bis hin zur Navigation und Funktionalit\u00e4t, wird mit Blick auf dein einzigartiges Unternehmen entwickelt, um eine passgenaue L\u00f6sung zu gew\u00e4hrleisten.<\/p>\n<h2>\n\t\tUnsere Pakete:\n\t<\/h2>\n\t\t\t\t\t<h2>Starter Webseite<\/h2> 699 \u20ac <ul role=\"list\"><li role=\"listitem\"> <strong>Bis zu 5 Seiten<\/strong><\/li><li role=\"listitem\"> <strong>Mobiles Responsive Design<\/strong><\/li><li role=\"listitem\"> <strong>Basic SEO<\/strong><\/li><li role=\"listitem\"> <strong>1 Inklusive \u00dcberarbeitungen<\/strong><br \/>&amp;#8195&amp;#8195 zus\u00e4tzliche \u00c4nderungen sind geb\u00fchrenpflichtig<\/li><\/ul>\n\t\t\t<a href=\"mailto:dominik@dominikrauch.de\" target=\"_self\">\n\t\t\t\t\t\t\tHol dir dein Angebot\n\t\t\t\t\t<\/a>\n\t\t\t\t\t<h2>Standard Webseite<\/h2> 1.499 \u20ac <ul role=\"list\"><li role=\"listitem\"> <strong>Bis zu 10 Seiten<\/strong><\/li><li role=\"listitem\"> <strong>Mobiles Responsive Design<\/strong><\/li><li role=\"listitem\"> <strong>Standard SEO<\/strong><\/li><li role=\"listitem\"> <strong>3 \u00dcberarbeitungen enthalten<\/strong><br \/>&amp;#8195&amp;#8195 zus\u00e4tzliche \u00c4nderungen sind geb\u00fchrenpflichtig<\/li><\/ul>\n\t\t\t<a href=\"mailto:dominik@dominikrauch.de\" target=\"_self\">\n\t\t\t\t\t\t\tHol dir dein Angebot\n\t\t\t\t\t<\/a>\n\t\t\t\t\t<h2>Premium Webseite<\/h2> 3.999 \u20ac <ul role=\"list\"><li role=\"listitem\"> <strong>Bis zu 20 Seiten<\/strong><\/li><li role=\"listitem\"> <strong>Mobiles Responsive Design<\/strong><\/li><li role=\"listitem\"> <strong>Erweiterte SEO<\/strong><\/li><li role=\"listitem\"> <strong>10 \u00dcberarbeitungen enthalten<\/strong><\/li><li role=\"listitem\"> <strong>Erweiterte Optimierung der Geschwindigkeit<\/strong><\/li><li role=\"listitem\"> <strong>Grundlegende Sicherheitsma\u00dfnahmen<\/strong><\/li><\/ul>\n\t\t\t<a href=\"mailto:dominik@dominikrauch.de\" target=\"_self\">\n\t\t\t\t\t\t\tHol dir dein Angebot\n\t\t\t\t\t<\/a>\n\t\t\t\t\t<h2>Unternehmens Webseite<\/h2> Kontakt Vertrieb <ul role=\"list\"><li role=\"listitem\"> <strong>Unbegrenzte Seiten<\/strong><\/li><li role=\"listitem\"> <strong>Mobiles Responsive Design<\/strong><\/li><li role=\"listitem\"> <strong>Erweiterte SEO<\/strong><\/li><li role=\"listitem\"> <strong>Unbegrenzte \u00dcberarbeitungen<\/strong><\/li><li role=\"listitem\"> <strong>Erweiterte Optimierung der Geschwindigkeit<\/strong><\/li><li role=\"listitem\"> <strong>Erweiterte Sicherheitsma\u00dfnahmen<\/strong><\/li><\/ul>\n\t\t\t<a href=\"mailto:dominik@dominikrauch.de\" target=\"_self\">\n\t\t\t\t\t\t\tHol dir dein Angebot\n\t\t\t\t\t<\/a>\n<h2>\n\t\tAdd-Ons f\u00fcr dein Website-Paket:\n\t<\/h2>\n\t<p>Wir von domra Web Solutions glauben daran, dass deine Online-Pr\u00e4senz mehr kann als nur die Grundfunktionen. Unser umfangreiches Angebot an Add-ons wurde entwickelt, um deine Website zu verbessern, zu sichern und zu optimieren, damit sie nicht nur den sich entwickelnden digitalen Standards entspricht, sondern diese \u00fcbertrifft. Mit unseren nahtlos integrierten Zusatzfunktionen kannst du deine ma\u00dfgeschneiderte WordPress-Website zu neuen H\u00f6chstleistungen und Innovationen f\u00fchren. Mit uns ist dein Weg zu einer robusten Online-Exzellenz nur ein Add-on entfernt!<\/p>\n\t\t\t\t<!-- Inline Block Space Fix\n\t\t\t\t\t\t\t\t\t\t\t\t\t\t\t\t\t\t\t\t\t\t\t\t-->\n\t\t\t\t\t\t\t\t\t<!-- Inline Block Space Fix\n\t\t\t\t\t\t\t\t\t\t\t\t\t\t\t\t--><!-- Inline Block Space Fix\n\t\t\t\t\t\t\t\t\t\t\t\t\t\t\t\t\t\t\t--><h3>Stock Image Suche<\/h3><!-- Inline Block Space Fix\n\t\t\t\t\t\t\t\t\t\t\t\t\t\t\t\t\t\t\t\t\t\t\t\t\t-->\n\t\t\t\t\t\t\t\t<p>Verbessere deine Inhalte mit perfekt abgestimmten, qualitativ hochwertigen Stockbildern.<\/p>\t\t\t\t\t\t\t<!-- Inline Block Space Fix\n\t\t\t\t\t\t\t\t\t\t\t--><!-- Inline Block Space Fix\n\t\t\t\t\t\t\t\t\t\t-->\n                    <!-- Inline Block Space Fix\n\t\t\t\t-->\n\t\t\t\t<!-- Overlay for Style 1 -->\n\t\t\t<!-- END .front -->\n\t\t\t\t\t\t\t\t\t<h3>\ud83d\uddbc\ufe0f Verbessere deinen Inhalt!<\/h3>\n\t\t\t\t\t\t<p>Erg\u00e4nze die Inhalte deiner Website mit unserem Add-on Stock Image Search. Du sparst Zeit und M\u00fche, wenn wir die perfekten, hochwertigen Bilder finden, die sich nahtlos in deine Inhalte einf\u00fcgen und deren Attraktivit\u00e4t und Engagement erh\u00f6hen. Sorge daf\u00fcr, dass deine Website visuell bei deinem Publikum ankommt, indem du mit Bildern, die B\u00e4nde sprechen, ein intensiveres und ansprechenderes Nutzererlebnis schaffst.<\/p>\t\t\t\t\t\n\t\t\t\t\t\t\t\t\t\t<a href=\"\" target=\"_self\">Mehr lesen<\/a>\t\t\t\t\n\t\t\t\t<!-- Inline Block Space Fix\n\t\t\t\t\t\t\t\t\t\t\t\t\t\t\t\t\t\t\t\t\t\t\t\t-->\n\t\t\t\t\t\t\t\t\t<!-- Inline Block Space Fix\n\t\t\t\t\t\t\t\t\t\t\t\t\t\t\t\t--><!-- Inline Block Space Fix\n\t\t\t\t\t\t\t\t\t\t\t\t\t\t\t\t\t\t\t--><h3>Offline Marketing Material<\/h3><!-- Inline Block Space Fix\n\t\t\t\t\t\t\t\t\t\t\t\t\t\t\t\t\t\t\t\t\t\t\t\t\t-->\n\t\t\t\t\t\t\t\t<p>Vergr\u00f6\u00dfere deine Reichweite mit professionellen Offline-Marketingmaterialien.<\/p>\t\t\t\t\t\t\t<!-- Inline Block Space Fix\n\t\t\t\t\t\t\t\t\t\t\t--><!-- Inline Block Space Fix\n\t\t\t\t\t\t\t\t\t\t-->\n                    <!-- Inline Block Space Fix\n\t\t\t\t-->\n\t\t\t\t<!-- Overlay for Style 1 -->\n\t\t\t<!-- END .front -->\n\t\t\t\t\t\t\t\t\t<h3>\ud83d\udcc4 Vergr\u00f6\u00dfere deine Reichweite offline!<\/h3>\n\t\t\t\t\t\t<p>Mit unserem Add-on Offline-Marketingmaterial kannst du dein Branding \u00fcber den digitalen Raum hinaus ausweiten. Wir entwerfen \u00fcberzeugende Offline-Marketingmaterialien wie Flyer, Karten und Preislisten, die die Identit\u00e4t deiner Marke widerspiegeln und dir helfen, einen bleibenden Eindruck zu hinterlassen und deine Reichweite in der physischen Welt zu vergr\u00f6\u00dfern.<\/p>\t\t\t\t\t\n\t\t\t\t\t\t\t\t\t\t<a href=\"\" target=\"_self\">Mehr lesen<\/a>\t\t\t\t\n\t\t\t\t<!-- Inline Block Space Fix\n\t\t\t\t\t\t\t\t\t\t\t\t\t\t\t\t\t\t\t\t\t\t\t\t-->\n\t\t\t\t\t\t\t\t\t<!-- Inline Block Space Fix\n\t\t\t\t\t\t\t\t\t\t\t\t\t\t\t\t--><!-- Inline Block Space Fix\n\t\t\t\t\t\t\t\t\t\t\t\t\t\t\t\t\t\t\t--><h3>Logo und CI Design<\/h3><!-- Inline Block Space Fix\n\t\t\t\t\t\t\t\t\t\t\t\t\t\t\t\t\t\t\t\t\t\t\t\t\t-->\n\t\t\t\t\t\t\t\t<p>Schaffe eine einzigartige Markenidentit\u00e4t mit unserem individuellen Logo und CI-Design.<\/p>\t\t\t\t\t\t\t<!-- Inline Block Space Fix\n\t\t\t\t\t\t\t\t\t\t\t--><!-- Inline Block Space Fix\n\t\t\t\t\t\t\t\t\t\t-->\n                    <!-- Inline Block Space Fix\n\t\t\t\t-->\n\t\t\t\t<!-- Overlay for Style 1 -->\n\t\t\t<!-- END .front -->\n\t\t\t\t\t\t\t\t\t<h3>\ud83c\udfa8 Mach dein Zeichen!<\/h3>\n\t\t\t\t\t\t<p>Unterst\u00fctze deine Markenidentit\u00e4t mit unserem Logo und CI Design Add-on. Unser kreatives Team entwirft einzigartige, einpr\u00e4gsame Logos und eine umfassende Corporate Identity, die daf\u00fcr sorgt, dass deine Marke heraussticht und sofort wiedererkennbar ist. Unsere Design-Experten sorgen f\u00fcr ein starkes, einheitliches Markenimage auf allen Plattformen und in allen Medien.<\/p>\t\t\t\t\t\n\t\t\t\t\t\t\t\t\t\t<a href=\"\" target=\"_self\">Mehr lesen<\/a>\t\t\t\t\n\t\t\t\t<!-- Inline Block Space Fix\n\t\t\t\t\t\t\t\t\t\t\t\t\t\t\t\t\t\t\t\t\t\t\t\t-->\n\t\t\t\t\t\t\t\t\t<!-- Inline Block Space Fix\n\t\t\t\t\t\t\t\t\t\t\t\t\t\t\t\t--><!-- Inline Block Space Fix\n\t\t\t\t\t\t\t\t\t\t\t\t\t\t\t\t\t\t\t--><h3>Online Marketing Material<\/h3><!-- Inline Block Space Fix\n\t\t\t\t\t\t\t\t\t\t\t\t\t\t\t\t\t\t\t\t\t\t\t\t\t-->\n\t\t\t\t\t\t\t\t<p>Verst\u00e4rke deine Wirkung in den sozialen Medien mit ma\u00dfgeschneiderten Online-Marketingmaterialien.<\/p>\t\t\t\t\t\t\t<!-- Inline Block Space Fix\n\t\t\t\t\t\t\t\t\t\t\t--><!-- Inline Block Space Fix\n\t\t\t\t\t\t\t\t\t\t-->\n                    <!-- Inline Block Space Fix\n\t\t\t\t-->\n\t\t\t\t<!-- Overlay for Style 1 -->\n\t\t\t<!-- END .front -->\n\t\t\t\t\t\t\t\t\t<h3>\ud83d\udcf1 Steigere deine Online-Pr\u00e4senz!<\/h3>\n\t\t\t\t\t\t<p>Verst\u00e4rke deine Online-Marketingbem\u00fchungen mit unserem Add-on Online Marketing Material. Wir erstellen ansprechende, visuell beeindruckende Marketingmaterialien f\u00fcr Plattformen wie Facebook und Instagram und sorgen so daf\u00fcr, dass deine Marke auf allen Social-Media-Kan\u00e4len Aufmerksamkeit erregt und Anklang findet. Verbessere deine Online-Sichtbarkeit und dein Engagement mit Marketingmaterialien, die das Wesen deiner Marke widerspiegeln.<\/p>\t\t\t\t\t\n\t\t\t\t\t\t\t\t\t\t<a href=\"\" target=\"_self\">Mehr lesen<\/a>\t\t\t\t\n\t\t\t\t<!-- Inline Block Space Fix\n\t\t\t\t\t\t\t\t\t\t\t\t\t\t\t\t\t\t\t\t\t\t\t\t-->\n\t\t\t\t\t\t\t\t\t<!-- Inline Block Space Fix\n\t\t\t\t\t\t\t\t\t\t\t\t\t\t\t\t--><!-- Inline Block Space Fix\n\t\t\t\t\t\t\t\t\t\t\t\t\t\t\t\t\t\t\t--><h3>SEO-Optimierung<\/h3><!-- Inline Block Space Fix\n\t\t\t\t\t\t\t\t\t\t\t\t\t\t\t\t\t\t\t\t\t\t\t\t\t-->\n\t\t\t\t\t\t\t\t<p>Verbessere die Sichtbarkeit deiner Website in den Suchmaschinen und stelle sicher, dass du ein gr\u00f6\u00dferes Publikum erreichst.<\/p>\t\t\t\t\t\t\t<!-- Inline Block Space Fix\n\t\t\t\t\t\t\t\t\t\t\t--><!-- Inline Block Space Fix\n\t\t\t\t\t\t\t\t\t\t-->\n                    <!-- Inline Block Space Fix\n\t\t\t\t-->\n\t\t\t\t<!-- Overlay for Style 1 -->\n\t\t\t<!-- END .front -->\n\t\t\t\t\t\t\t\t\t<h3>\ud83c\udf10 Hilf den Besuchern, dich zu finden! <\/h3>\n\t\t\t\t\t\t<p>Steigere deine Online-Pr\u00e4senz mit unserem Add-on SEO-Optimierung. Verbessere die Sichtbarkeit deiner Website in den wichtigsten Suchmaschinen und sorge daf\u00fcr, dass du ein gr\u00f6\u00dferes Publikum erreichst. Unser erfahrenes Team wendet innovative SEO-Strategien an, die sich darauf konzentrieren, das Ranking deiner Website zu verbessern und die richtige Zielgruppe anzusprechen. Erlebe greifbare, dauerhafte Ergebnisse und bringe deine Website mit unseren kompetenten SEO-Optimierungsdiensten an die Spitze.<\/p>\t\t\t\t\t\n\t\t\t\t\t\t\t\t\t\t<a href=\"\" target=\"_self\">Mehr lesen<\/a>\t\t\t\t\n\t\t\t\t<!-- Inline Block Space Fix\n\t\t\t\t\t\t\t\t\t\t\t\t\t\t\t\t\t\t\t\t\t\t\t\t-->\n\t\t\t\t\t\t\t\t\t<!-- Inline Block Space Fix\n\t\t\t\t\t\t\t\t\t\t\t\t\t\t\t\t--><!-- Inline Block Space Fix\n\t\t\t\t\t\t\t\t\t\t\t\t\t\t\t\t\t\t\t--><h3>Optimierung der Geschwindigkeit<\/h3><!-- Inline Block Space Fix\n\t\t\t\t\t\t\t\t\t\t\t\t\t\t\t\t\t\t\t\t\t\t\t\t\t-->\n\t\t\t\t\t\t\t\t<p>Sorge daf\u00fcr, dass deine Website schnell geladen wird und du ein reibungsloses Nutzererlebnis hast.<\/p>\t\t\t\t\t\t\t<!-- Inline Block Space Fix\n\t\t\t\t\t\t\t\t\t\t\t--><!-- Inline Block Space Fix\n\t\t\t\t\t\t\t\t\t\t-->\n                    <!-- Inline Block Space Fix\n\t\t\t\t-->\n\t\t\t\t<!-- Overlay for Style 1 -->\n\t\t\t<!-- END .front -->\n\t\t\t\t\t\t\t\t\t<h3>\u26a1 Sorge f\u00fcr ein nahtloses Nutzererlebnis!<\/h3>\n\t\t\t\t\t\t<p>Sorge daf\u00fcr, dass deine Website schnell und effizient ist - mit unserem Add-on Speed Optimization. Wir stellen die Leistung deiner Website in den Vordergrund, indem wir die Ladezeiten und die allgemeine Funktionalit\u00e4t verbessern. Indem wir Engp\u00e4sse und Ineffizienzen identifizieren und beheben, kannst du erleben, wie deine Website mit maximaler Effizienz arbeitet und so ein reibungsloses Nutzererlebnis und eine h\u00f6here Besucherbindung gew\u00e4hrleistet.<\/p>\t\t\t\t\t\n\t\t\t\t\t\t\t\t\t\t<a href=\"\" target=\"_self\">Mehr lesen<\/a>\t\t\t\t\n\t\t\t\t<!-- Inline Block Space Fix\n\t\t\t\t\t\t\t\t\t\t\t\t\t\t\t\t\t\t\t\t\t\t\t\t-->\n\t\t\t\t\t\t\t\t\t<!-- Inline Block Space Fix\n\t\t\t\t\t\t\t\t\t\t\t\t\t\t\t\t--><!-- Inline Block Space Fix\n\t\t\t\t\t\t\t\t\t\t\t\t\t\t\t\t\t\t\t--><h3>Inhalt schreiben<\/h3><!-- Inline Block Space Fix\n\t\t\t\t\t\t\t\t\t\t\t\t\t\t\t\t\t\t\t\t\t\t\t\t\t-->\n\t\t\t\t\t\t\t\t<p>Unsere erfahrenen Autorinnen und Autoren erstellen ansprechende, SEO-freundliche Inhalte, die deine Zielgruppe ansprechen.<\/p>\t\t\t\t\t\t\t<!-- Inline Block Space Fix\n\t\t\t\t\t\t\t\t\t\t\t--><!-- Inline Block Space Fix\n\t\t\t\t\t\t\t\t\t\t-->\n                    <!-- Inline Block Space Fix\n\t\t\t\t-->\n\t\t\t\t<!-- Overlay for Style 1 -->\n\t\t\t<!-- END .front -->\n\t\t\t\t\t\t\t\t\t<h3>\ud83d\udd8b\ufe0f Einbinden und verbinden<\/h3>\n\t\t\t\t\t\t<p>Fessle dein Publikum mit unserem Add-on Content Writing. Unser Team erstellt fesselnde, SEO-freundliche Inhalte, die auf deine Marke und deine Zielgruppe zugeschnitten sind. \u00dcber die blo\u00dfen Worte hinaus schaffen wir Erz\u00e4hlungen, die verbinden und konvertieren. So stellen wir sicher, dass deine Inhalte bei deinem Publikum ankommen, die Sichtbarkeit erh\u00f6hen und mehr Besucher auf deine Website bringen.<\/p>\t\t\t\t\t\n\t\t\t\t\t\t\t\t\t\t<a href=\"\" target=\"_self\">Mehr lesen<\/a>\t\t\t\t\n\t\t\t\t<!-- Inline Block Space Fix\n\t\t\t\t\t\t\t\t\t\t\t\t\t\t\t\t\t\t\t\t\t\t\t\t-->\n\t\t\t\t\t\t\t\t\t<!-- Inline Block Space Fix\n\t\t\t\t\t\t\t\t\t\t\t\t\t\t\t\t--><!-- Inline Block Space Fix\n\t\t\t\t\t\t\t\t\t\t\t\t\t\t\t\t\t\t\t--><h3>Sicherheit<\/h3><!-- Inline Block Space Fix\n\t\t\t\t\t\t\t\t\t\t\t\t\t\t\t\t\t\t\t\t\t\t\t\t\t-->\n\t\t\t\t\t\t\t\t<p>Sch\u00fctze deine Website mit unseren umfassenden Sicherheitsl\u00f6sungen vor potenziellen Bedrohungen.<\/p>\t\t\t\t\t\t\t<!-- Inline Block Space Fix\n\t\t\t\t\t\t\t\t\t\t\t--><!-- Inline Block Space Fix\n\t\t\t\t\t\t\t\t\t\t-->\n                    <!-- Inline Block Space Fix\n\t\t\t\t-->\n\t\t\t\t<!-- Overlay for Style 1 -->\n\t\t\t<!-- END .front -->\n\t\t\t\t\t\t\t\t\t<h3>\ud83d\udee1\ufe0f Sch\u00fctze deine Online-Pr\u00e4senz! <\/h3>\n\t\t\t\t\t\t<p>Sch\u00fctze deine digitale Pr\u00e4senz mit unserem Sicherheits-Add-on. Sch\u00fctze deine Website vor potenziellen Cyber-Bedrohungen mit unseren robusten Sicherheitsl\u00f6sungen, einschlie\u00dflich regelm\u00e4\u00dfiger Audits, robuster Sicherheitsplugins und Echtzeit\u00fcberwachung. Sorge daf\u00fcr, dass deine Website ein Bollwerk der Zuverl\u00e4ssigkeit und Sicherheit ist, damit du und deine Besucher sich in der digitalen Welt sicher bewegen k\u00f6nnen.<\/p>\t\t\t\t\t\n\t\t\t\t\t\t\t\t\t\t<a href=\"\" target=\"_self\">Mehr lesen<\/a>\t\t\t\t\n<h2>\n\t\tDer domra-Unterschied\n\t<\/h2>\n\t<p>Mit domra Web Solutions bekommst du nicht nur eine <strong>WordPress Website<\/strong>; du bekommst einen engagierten Partner f\u00fcr deine Online-Reise. Unser Team setzt sich daf\u00fcr ein, dass deine Website deine Erwartungen nicht nur erf\u00fcllt, sondern \u00fcbertrifft und dir ein Endprodukt liefert, das deine Online-Pr\u00e4senz verbessert und zu deinem Gesch\u00e4ftserfolg beitr\u00e4gt. Entscheide dich f\u00fcr die individuelle WordPress-Website-Entwicklung von domra Web Solutions, die deine Vision in eine \u00fcberzeugende, effiziente und stabile digitale Plattform verwandelt. Lass uns gemeinsam deine au\u00dfergew\u00f6hnliche Online-Pr\u00e4senz entwickeln!<\/p>\n<h2>\n\t\tBeginne dein Projekt!\n\t<\/h2>\n\t<p>Begib dich mit domra Web Solutions auf die Reise zu einem erfolgreichen Internetauftritt. Unser engagiertes Team steht dir bei jedem Schritt zur Seite und sorgt daf\u00fcr, dass dein Projekt auf einer soliden Grundlage und mit einer klaren Vision beginnt. Erforsche die verschiedenen M\u00f6glichkeiten, die dir zur Verf\u00fcgung stehen, um dein Projekt zu starten, zugeschnitten auf deine individuellen Bed\u00fcrfnisse und Anforderungen. Lege mit uns den Grundstein f\u00fcr deinen Online-Erfolg und erlebe den nahtlosen Start, den dein Projekt verdient. Deine Vision, gepaart mit unserem Fachwissen, ist das Rezept f\u00fcr eine \u00fcberzeugende und effektive Webl\u00f6sung. Beginne deine Reise mit uns noch heute!<\/p>\n\t\t<h3>Kostenloses Einf\u00fchrungsgespr\u00e4ch<\/h3>\t\t\t\n\t\t\t\t<p>Du bist unsicher, was du brauchst? Dann lass uns reden. Ein kostenloses 15-min\u00fctiges Einf\u00fchrungsgespr\u00e4ch hilft dir bei deinen Entscheidungen und kl\u00e4rt deinen Bedarf an Webentwicklung.<\/p>\n\t\t\t<a href=\"https:\/\/www.domrawebsolutions.com\/de\/kostenloses-einfuhrungsgesprach-fur-neue-kunden-15-minuten\/\" title=\"Hier klicken\" target=\"_self\"   role=\"button\" aria-label=\"Kostenloses Gespr\u00e4ch vereinbaren\">\n\t\t\t\t\t\t\tKostenloses Gespr\u00e4ch vereinbaren\n\t\t<\/a>\n\t\t<h3>Erweiterte Einf\u00fchrungsrede<\/h3>\t\t\t\n\t\t\t\t<p>Du brauchst mehr Zeit? Vereinbare ein ausf\u00fchrliches einst\u00fcndiges Gespr\u00e4ch f\u00fcr nur 29 \u20ac. Erhalte tiefere Einblicke und eine klarere Richtung f\u00fcr dein Projekt.<\/p>\n\t\t\t<a href=\"https:\/\/www.domrawebsolutions.com\/de\/einfuhrungsgesprach-fur-neue-kunden-1-stunde\/\" title=\"Hier klicken\" target=\"_self\"   role=\"button\" aria-label=\"Buche deine Stunde\">\n\t\t\t\t\t\t\tBuche deine Stunde\n\t\t<\/a>\n\t\t<h3>Angebotsformular ausf\u00fcllen<\/h3>\t\t\t\n\t\t\t\t<p>Du wei\u00dft, was du brauchst? F\u00fclle unser Formular aus, um ein detailliertes, individuelles Angebot zu erhalten, das auf die spezifischen Anforderungen deines Projekts zugeschnitten ist.<\/p>\n\t\t\t<a href=\"mailto:info@domrawebsolutions.com\" title=\"Hier klicken\" target=\"_self\"   role=\"button\" aria-label=\"Chatte uns jetzt\">\n\t\t\t\t\t\t\tChatte uns jetzt\n\t\t<\/a>","protected":false},"excerpt":{"rendered":"<p>Custom WordPress website development At domra Web Solutions, we understand that each business is unique, with distinct needs and goals. Our Custom WordPress Website Development services are designed to cater to those specific needs, ensuring your online presence is a true reflection of your brand. We specialize in creating Tailored WordPress Websites, balancing aesthetic appeal [&hellip;]<\/p>\n","protected":false},"author":1,"featured_media":0,"parent":0,"menu_order":0,"comment_status":"closed","ping_status":"closed","template":"","meta":{"site-sidebar-layout":"default","site-content-layout":"","ast-site-content-layout":"default","site-content-style":"default","site-sidebar-style":"default","ast-global-header-display":"","ast-banner-title-visibility":"","ast-main-header-display":"","ast-hfb-above-header-display":"","ast-hfb-below-header-display":"","ast-hfb-mobile-header-display":"","site-post-title":"disabled","ast-breadcrumbs-content":"","ast-featured-img":"","footer-sml-layout":"","ast-disable-related-posts":"","theme-transparent-header-meta":"","adv-header-id-meta":"","stick-header-meta":"","header-above-stick-meta":"","header-main-stick-meta":"","header-below-stick-meta":"","astra-migrate-meta-layouts":"set","ast-page-background-enabled":"default","ast-page-background-meta":{"desktop":{"background-color":"","background-image":"","background-repeat":"repeat","background-position":"center center","background-size":"auto","background-attachment":"scroll","background-type":"","background-media":"","overlay-type":"","overlay-color":"","overlay-opacity":"","overlay-gradient":""},"tablet":{"background-color":"","background-image":"","background-repeat":"repeat","background-position":"center center","background-size":"auto","background-attachment":"scroll","background-type":"","background-media":"","overlay-type":"","overlay-color":"","overlay-opacity":"","overlay-gradient":""},"mobile":{"background-color":"","background-image":"","background-repeat":"repeat","background-position":"center center","background-size":"auto","background-attachment":"scroll","background-type":"","background-media":"","overlay-type":"","overlay-color":"","overlay-opacity":"","overlay-gradient":""}},"ast-content-background-meta":{"desktop":{"background-color":"var(--ast-global-color-5)","background-image":"","background-repeat":"repeat","background-position":"center center","background-size":"auto","background-attachment":"scroll","background-type":"","background-media":"","overlay-type":"","overlay-color":"","overlay-opacity":"","overlay-gradient":""},"tablet":{"background-color":"var(--ast-global-color-5)","background-image":"","background-repeat":"repeat","background-position":"center center","background-size":"auto","background-attachment":"scroll","background-type":"","background-media":"","overlay-type":"","overlay-color":"","overlay-opacity":"","overlay-gradient":""},"mobile":{"background-color":"var(--ast-global-color-5)","background-image":"","background-repeat":"repeat","background-position":"center center","background-size":"auto","background-attachment":"scroll","background-type":"","background-media":"","overlay-type":"","overlay-color":"","overlay-opacity":"","overlay-gradient":""}},"footnotes":""},"class_list":["post-2971","page","type-page","status-publish","hentry"],"_links":{"self":[{"href":"https:\/\/www.domrawebsolutions.com\/de\/wp-json\/wp\/v2\/pages\/2971","targetHints":{"allow":["GET"]}}],"collection":[{"href":"https:\/\/www.domrawebsolutions.com\/de\/wp-json\/wp\/v2\/pages"}],"about":[{"href":"https:\/\/www.domrawebsolutions.com\/de\/wp-json\/wp\/v2\/types\/page"}],"author":[{"embeddable":true,"href":"https:\/\/www.domrawebsolutions.com\/de\/wp-json\/wp\/v2\/users\/1"}],"replies":[{"embeddable":true,"href":"https:\/\/www.domrawebsolutions.com\/de\/wp-json\/wp\/v2\/comments?post=2971"}],"version-history":[{"count":14,"href":"https:\/\/www.domrawebsolutions.com\/de\/wp-json\/wp\/v2\/pages\/2971\/revisions"}],"predecessor-version":[{"id":3599,"href":"https:\/\/www.domrawebsolutions.com\/de\/wp-json\/wp\/v2\/pages\/2971\/revisions\/3599"}],"wp:attachment":[{"href":"https:\/\/www.domrawebsolutions.com\/de\/wp-json\/wp\/v2\/media?parent=2971"}],"curies":[{"name":"wp","href":"https:\/\/api.w.org\/{rel}","templated":true}]}}